{"id":14630,"date":"2022-02-08T12:11:07","date_gmt":"2022-02-08T11:11:07","guid":{"rendered":"https:\/\/www.britek.se\/forskaling\/treknekter-takstolforskaling\/"},"modified":"2022-02-10T13:36:44","modified_gmt":"2022-02-10T12:36:44","slug":"treknekter-takstolforskaling","status":"publish","type":"page","link":"https:\/\/www.britek.se\/no\/produkter\/forskaling\/treknekter-takstolforskaling\/","title":{"rendered":"Treknekter\/Takstolforskaling"},"content":{"rendered":"<p><div class=\"fusion-fullwidth fullwidth-box fusion-builder-row-1 fusion-flex-container nonhundred-percent-fullwidth non-hundred-percent-height-scrolling\" style=\"--awb-border-color:#b30033;--awb-border-radius-top-left:0px;--awb-border-radius-top-right:0px;--awb-border-radius-bottom-right:0px;--awb-border-radius-bottom-left:0px;--awb-flex-wrap:wrap;\" ><div class=\"fusion-builder-row fusion-row fusion-flex-align-items-flex-start fusion-flex-content-wrap\" style=\"max-width:1456px;margin-left: calc(-4% \/ 2 );margin-right: calc(-4% \/ 2 );\"><div class=\"fusion-layout-column fusion_builder_column fusion-builder-column-0 fusion_builder_column_2_5 2_5 fusion-flex-column\" style=\"--awb-bg-size:cover;--awb-width-large:40%;--awb-margin-top-large:0px;--awb-spacing-right-large:4.8%;--awb-margin-bottom-large:0px;--awb-spacing-left-large:4.8%;--awb-width-medium:100%;--awb-order-medium:0;--awb-spacing-right-medium:1.92%;--awb-spacing-left-medium:1.92%;--awb-width-small:100%;--awb-order-small:0;--awb-spacing-right-small:1.92%;--awb-spacing-left-small:1.92%;\"><div class=\"fusion-column-wrapper fusion-column-has-shadow fusion-flex-justify-content-flex-start fusion-content-layout-row\"><div class=\"fusion-title title fusion-title-1 fusion-sep-none fusion-title-text fusion-title-size-div\" style=\"--awb-margin-top-small:10px;--awb-margin-right-small:0px;--awb-margin-bottom-small:10px;--awb-margin-left-small:0px;\"><div class=\"fusion-title-heading title-heading-left title-heading-tag fusion-responsive-typography-calculated\" style=\"margin:0;--fontSize:16;line-height:1.8;\"><h3><strong>Konkurransekraftige treknekter<\/strong><\/h3><\/div><\/div><\/div><\/div><div class=\"fusion-layout-column fusion_builder_column fusion-builder-column-1 fusion_builder_column_3_5 3_5 fusion-flex-column\" style=\"--awb-bg-size:cover;--awb-width-large:60%;--awb-margin-top-large:10px;--awb-spacing-right-large:3.2%;--awb-margin-bottom-large:0px;--awb-spacing-left-large:3.2%;--awb-width-medium:100%;--awb-order-medium:0;--awb-spacing-right-medium:1.92%;--awb-spacing-left-medium:1.92%;--awb-width-small:100%;--awb-order-small:0;--awb-spacing-right-small:1.92%;--awb-spacing-left-small:1.92%;\"><div class=\"fusion-column-wrapper fusion-column-has-shadow fusion-flex-justify-content-flex-end fusion-content-layout-row\"><nav class=\"fusion-breadcrumbs fusion-breadcrumbs-1\" style=\"--awb-breadcrumb-sep:&#039;\/&#039;;\" aria-label=\"Breadcrumb\"><ol class=\"awb-breadcrumb-list\"><li class=\"fusion-breadcrumb-item awb-breadcrumb-sep awb-home\" ><a href=\"https:\/\/www.britek.se\/no\/\" class=\"fusion-breadcrumb-link\"><span >Home<\/span><\/a><\/li><\/ol><\/nav><\/div><\/div><\/div><\/div><div class=\"fusion-fullwidth fullwidth-box fusion-builder-row-2 fusion-flex-container nonhundred-percent-fullwidth non-hundred-percent-height-scrolling\" style=\"--awb-border-radius-top-left:0px;--awb-border-radius-top-right:0px;--awb-border-radius-bottom-right:0px;--awb-border-radius-bottom-left:0px;--awb-flex-wrap:wrap;\" ><div class=\"fusion-builder-row fusion-row fusion-flex-align-items-flex-start fusion-flex-content-wrap\" style=\"max-width:1456px;margin-left: calc(-4% \/ 2 );margin-right: calc(-4% \/ 2 );\"><div class=\"fusion-layout-column fusion_builder_column fusion-builder-column-2 fusion_builder_column_1_1 1_1 fusion-flex-column\" style=\"--awb-bg-size:cover;--awb-width-large:100%;--awb-margin-top-large:0px;--awb-spacing-right-large:1.92%;--awb-margin-bottom-large:20px;--awb-spacing-left-large:1.92%;--awb-width-medium:100%;--awb-order-medium:0;--awb-spacing-right-medium:1.92%;--awb-spacing-left-medium:1.92%;--awb-width-small:100%;--awb-order-small:0;--awb-spacing-right-small:1.92%;--awb-spacing-left-small:1.92%;\"><div class=\"fusion-column-wrapper fusion-column-has-shadow fusion-flex-justify-content-flex-start fusion-content-layout-column\"><div class=\"fusion-separator fusion-full-width-sep\" style=\"align-self: center;margin-left: auto;margin-right: auto;width:100%;\"><div class=\"fusion-separator-border sep-single sep-solid\" style=\"--awb-height:20px;--awb-amount:20px;--awb-sep-color:#b30033;border-color:#b30033;border-top-width:1px;\"><\/div><\/div><\/div><\/div><\/div><\/div>\n<div class=\"fusion-fullwidth fullwidth-box fusion-builder-row-3 fusion-flex-container nonhundred-percent-fullwidth non-hundred-percent-height-scrolling\" style=\"--awb-border-radius-top-left:0px;--awb-border-radius-top-right:0px;--awb-border-radius-bottom-right:0px;--awb-border-radius-bottom-left:0px;--awb-flex-wrap:wrap;\" ><div class=\"fusion-builder-row fusion-row fusion-flex-align-items-flex-start fusion-flex-content-wrap\" style=\"max-width:1456px;margin-left: calc(-4% \/ 2 );margin-right: calc(-4% \/ 2 );\"><div class=\"fusion-layout-column fusion_builder_column fusion-builder-column-3 fusion_builder_column_3_4 3_4 fusion-flex-column fusion-flex-align-self-center\" style=\"--awb-bg-size:cover;--awb-width-large:75%;--awb-margin-top-large:0px;--awb-spacing-right-large:2.56%;--awb-margin-bottom-large:20px;--awb-spacing-left-large:2.56%;--awb-width-medium:100%;--awb-order-medium:0;--awb-spacing-right-medium:1.92%;--awb-spacing-left-medium:1.92%;--awb-width-small:100%;--awb-order-small:0;--awb-spacing-right-small:1.92%;--awb-spacing-left-small:1.92%;\"><div class=\"fusion-column-wrapper fusion-column-has-shadow fusion-flex-justify-content-flex-start fusion-content-layout-column\"><div class=\"fusion-text fusion-text-1\"><p><em>Treknekter\/takstolforskaling er et konkurransekraftig alternativ til formelementer. BRITEK har levert l\u00f8sninger til et stort antall byggeprosjekter i Skandinavia. Bruk av treknekter\/takstolforskaling gj\u00f8r det mulig med en rasjonell og dermed effektiv produksjon av forskalingskonstruksjonen. Knektene tilpasses aktuell betongkonstruksjon. Som forskalingsvirke brukes 22\u00d795 kryssfin\u00e9r eller liggende plank 45\u00d7120. Ved etappest\u00f8ping kan knektene bygges sammen til forskalingsmoduler og flyttes.<\/em><\/p>\n<\/div><\/div><\/div><\/div><\/div><div class=\"fusion-fullwidth fullwidth-box fusion-builder-row-4 fusion-flex-container nonhundred-percent-fullwidth non-hundred-percent-height-scrolling\" style=\"--awb-border-radius-top-left:0px;--awb-border-radius-top-right:0px;--awb-border-radius-bottom-right:0px;--awb-border-radius-bottom-left:0px;--awb-flex-wrap:wrap;\" ><div class=\"fusion-builder-row fusion-row fusion-flex-align-items-flex-start fusion-flex-content-wrap\" style=\"max-width:1456px;margin-left: calc(-4% \/ 2 );margin-right: calc(-4% \/ 2 );\"><div class=\"fusion-layout-column fusion_builder_column fusion-builder-column-4 fusion_builder_column_1_1 1_1 fusion-flex-column\" style=\"--awb-bg-size:cover;--awb-width-large:100%;--awb-margin-top-large:0px;--awb-spacing-right-large:1.92%;--awb-margin-bottom-large:20px;--awb-spacing-left-large:1.92%;--awb-width-medium:100%;--awb-order-medium:0;--awb-spacing-right-medium:1.92%;--awb-spacing-left-medium:1.92%;--awb-width-small:100%;--awb-order-small:0;--awb-spacing-right-small:1.92%;--awb-spacing-left-small:1.92%;\"><div class=\"fusion-column-wrapper fusion-column-has-shadow fusion-flex-justify-content-flex-start fusion-content-layout-column\"><div class=\"fusion-image-element \" style=\"--awb-caption-title-font-family:var(--h2_typography-font-family);--awb-caption-title-font-weight:var(--h2_typography-font-weight);--awb-caption-title-font-style:var(--h2_typography-font-style);--awb-caption-title-size:var(--h2_typography-font-size);--awb-caption-title-transform:var(--h2_typography-text-transform);--awb-caption-title-line-height:var(--h2_typography-line-height);--awb-caption-title-letter-spacing:var(--h2_typography-letter-spacing);\"><span class=\" fusion-imageframe imageframe-none imageframe-1 hover-type-none\" style=\"border:3px solid #f6f6f6;border-radius:5px;\"><a href=\"https:\/\/www.britek.se\/wp-content\/uploads\/2013\/03\/form-och-knetar.jpg\" class=\"fusion-lightbox\" data-rel=\"iLightbox[93ba4d906f3c79da76b]\" data-title=\"form-och-knetar\" title=\"form-och-knetar (1)\"><img decoding=\"async\" width=\"1020\" height=\"440\" src=\"https:\/\/www.britek.se\/wp-content\/uploads\/2021\/09\/form-och-knetar-1.jpg\" alt class=\"img-responsive wp-image-5649\" srcset=\"https:\/\/www.britek.se\/wp-content\/uploads\/2021\/09\/form-och-knetar-1-200x86.jpg 200w, https:\/\/www.britek.se\/wp-content\/uploads\/2021\/09\/form-och-knetar-1-400x173.jpg 400w, https:\/\/www.britek.se\/wp-content\/uploads\/2021\/09\/form-och-knetar-1-600x259.jpg 600w, https:\/\/www.britek.se\/wp-content\/uploads\/2021\/09\/form-och-knetar-1-800x345.jpg 800w, https:\/\/www.britek.se\/wp-content\/uploads\/2021\/09\/form-och-knetar-1.jpg 1020w\" sizes=\"(max-width: 1428px) 100vw, (max-width: 863px) 100vw, 1020px\" \/><\/a><\/span><\/div><\/div><\/div><\/div><\/div><div class=\"fusion-fullwidth fullwidth-box fusion-builder-row-5 fusion-flex-container nonhundred-percent-fullwidth non-hundred-percent-height-scrolling\" style=\"--awb-border-radius-top-left:0px;--awb-border-radius-top-right:0px;--awb-border-radius-bottom-right:0px;--awb-border-radius-bottom-left:0px;--awb-flex-wrap:wrap;\" ><div class=\"fusion-builder-row fusion-row fusion-flex-align-items-flex-start fusion-flex-content-wrap\" style=\"max-width:1456px;margin-left: calc(-4% \/ 2 );margin-right: calc(-4% \/ 2 );\"><div class=\"fusion-layout-column fusion_builder_column fusion-builder-column-5 fusion_builder_column_1_3 1_3 fusion-flex-column\" style=\"--awb-bg-size:cover;--awb-width-large:33.333333333333%;--awb-margin-top-large:0px;--awb-spacing-right-large:5.76%;--awb-margin-bottom-large:20px;--awb-spacing-left-large:5.76%;--awb-width-medium:100%;--awb-order-medium:0;--awb-spacing-right-medium:1.92%;--awb-spacing-left-medium:1.92%;--awb-width-small:100%;--awb-order-small:0;--awb-spacing-right-small:1.92%;--awb-spacing-left-small:1.92%;\"><div class=\"fusion-column-wrapper fusion-column-has-shadow fusion-flex-justify-content-flex-start fusion-content-layout-column\"><div class=\"fusion-image-element \" style=\"--awb-caption-title-font-family:var(--h2_typography-font-family);--awb-caption-title-font-weight:var(--h2_typography-font-weight);--awb-caption-title-font-style:var(--h2_typography-font-style);--awb-caption-title-size:var(--h2_typography-font-size);--awb-caption-title-transform:var(--h2_typography-text-transform);--awb-caption-title-line-height:var(--h2_typography-line-height);--awb-caption-title-letter-spacing:var(--h2_typography-letter-spacing);\"><span class=\" fusion-imageframe imageframe-none imageframe-2 hover-type-none\" style=\"border:3px solid #f6f6f6;border-radius:5px;\"><a href=\"https:\/\/www.britek.se\/wp-content\/uploads\/2013\/06\/traknekt_till_betongbro.jpg\" class=\"fusion-lightbox\" data-rel=\"iLightbox[485b7f617f8c3691529]\" data-title=\"traknekt_till_betongbro\" title=\"traknekt_till_betongbro\"><img decoding=\"async\" width=\"560\" height=\"545\" src=\"https:\/\/www.britek.se\/wp-content\/uploads\/2013\/06\/traknekt_till_betongbro.jpg\" alt class=\"img-responsive wp-image-7378\" srcset=\"https:\/\/www.britek.se\/wp-content\/uploads\/2013\/06\/traknekt_till_betongbro-200x195.jpg 200w, https:\/\/www.britek.se\/wp-content\/uploads\/2013\/06\/traknekt_till_betongbro-400x389.jpg 400w, https:\/\/www.britek.se\/wp-content\/uploads\/2013\/06\/traknekt_till_betongbro.jpg 560w\" sizes=\"(max-width: 1428px) 100vw, (max-width: 863px) 100vw, 560px\" \/><\/a><\/span><\/div><div class=\"fusion-title title fusion-title-2 fusion-sep-none fusion-title-center fusion-title-text fusion-title-size-four\" style=\"--awb-margin-top-small:10px;--awb-margin-right-small:0px;--awb-margin-bottom-small:10px;--awb-margin-left-small:0px;--awb-font-size:20px;\"><h4 class=\"fusion-title-heading title-heading-center fusion-responsive-typography-calculated\" style=\"margin:0;font-size:1em;--fontSize:20;line-height:1.36;\">Treknekt\/takstolforskaling til betongbroer<\/h4><\/div><div class=\"fusion-text fusion-text-2\"><p style=\"text-align: center;\">Knektene plasseres p\u00e5 CUPLOK eller p\u00e5 st\u00e5lbjelke-\/fagverkskonstruksjon. Knektene leveres med arbeidsgangbro.<\/p>\n<\/div><\/div><\/div><div class=\"fusion-layout-column fusion_builder_column fusion-builder-column-6 fusion_builder_column_1_3 1_3 fusion-flex-column\" style=\"--awb-bg-size:cover;--awb-width-large:33.333333333333%;--awb-margin-top-large:0px;--awb-spacing-right-large:5.76%;--awb-margin-bottom-large:20px;--awb-spacing-left-large:5.76%;--awb-width-medium:100%;--awb-order-medium:0;--awb-spacing-right-medium:1.92%;--awb-spacing-left-medium:1.92%;--awb-width-small:100%;--awb-order-small:0;--awb-spacing-right-small:1.92%;--awb-spacing-left-small:1.92%;\"><div class=\"fusion-column-wrapper fusion-column-has-shadow fusion-flex-justify-content-flex-start fusion-content-layout-column\"><div class=\"fusion-image-element \" style=\"--awb-caption-title-font-family:var(--h2_typography-font-family);--awb-caption-title-font-weight:var(--h2_typography-font-weight);--awb-caption-title-font-style:var(--h2_typography-font-style);--awb-caption-title-size:var(--h2_typography-font-size);--awb-caption-title-transform:var(--h2_typography-text-transform);--awb-caption-title-line-height:var(--h2_typography-line-height);--awb-caption-title-letter-spacing:var(--h2_typography-letter-spacing);\"><span class=\" fusion-imageframe imageframe-none imageframe-3 hover-type-none\" style=\"border:3px solid #f6f6f6;border-radius:5px;\"><a href=\"https:\/\/www.britek.se\/wp-content\/uploads\/2013\/06\/Traknekt_till_stalbro.jpg\" class=\"fusion-lightbox\" data-rel=\"iLightbox[8dd2b0ebb74a4020019]\" data-title=\"Traknekt_till_stalbro\" title=\"Traknekt_till_stalbro\"><img decoding=\"async\" width=\"560\" height=\"224\" src=\"https:\/\/www.britek.se\/wp-content\/uploads\/2013\/06\/Traknekt_till_stalbro.jpg\" alt class=\"img-responsive wp-image-7285\" srcset=\"https:\/\/www.britek.se\/wp-content\/uploads\/2013\/06\/Traknekt_till_stalbro-200x80.jpg 200w, https:\/\/www.britek.se\/wp-content\/uploads\/2013\/06\/Traknekt_till_stalbro-400x160.jpg 400w, https:\/\/www.britek.se\/wp-content\/uploads\/2013\/06\/Traknekt_till_stalbro.jpg 560w\" sizes=\"(max-width: 1428px) 100vw, (max-width: 863px) 100vw, 560px\" \/><\/a><\/span><\/div><div class=\"fusion-title title fusion-title-3 fusion-sep-none fusion-title-center fusion-title-text fusion-title-size-four\" style=\"--awb-margin-top-small:10px;--awb-margin-right-small:0px;--awb-margin-bottom-small:10px;--awb-margin-left-small:0px;--awb-font-size:20px;\"><h4 class=\"fusion-title-heading title-heading-center fusion-responsive-typography-calculated\" style=\"margin:0;font-size:1em;--fontSize:20;line-height:1.36;\">Treknekter\/takstolforskaling til st\u00e5lbroer<\/h4><\/div><div class=\"fusion-text fusion-text-3\"><p style=\"text-align: center;\">Knekten plasseres p\u00e5 underflens. Knektene holdes sammen med GWS-stag.<\/p>\n<\/div><div class=\"fusion-image-element \" style=\"--awb-caption-title-font-family:var(--h2_typography-font-family);--awb-caption-title-font-weight:var(--h2_typography-font-weight);--awb-caption-title-font-style:var(--h2_typography-font-style);--awb-caption-title-size:var(--h2_typography-font-size);--awb-caption-title-transform:var(--h2_typography-text-transform);--awb-caption-title-line-height:var(--h2_typography-line-height);--awb-caption-title-letter-spacing:var(--h2_typography-letter-spacing);\"><span class=\" fusion-imageframe imageframe-none imageframe-4 hover-type-none\" style=\"border:3px solid #f6f6f6;border-radius:5px;\"><a href=\"https:\/\/www.britek.se\/wp-content\/uploads\/2013\/06\/Traknekt_tunnel.jpg\" class=\"fusion-lightbox\" data-rel=\"iLightbox[939a1548851328c1785]\" data-title=\"Traknekt_tunnel\" title=\"Traknekt_tunnel\"><img decoding=\"async\" width=\"560\" height=\"224\" src=\"https:\/\/www.britek.se\/wp-content\/uploads\/2013\/06\/Traknekt_tunnel.jpg\" alt class=\"img-responsive wp-image-7291\" srcset=\"https:\/\/www.britek.se\/wp-content\/uploads\/2013\/06\/Traknekt_tunnel-200x80.jpg 200w, https:\/\/www.britek.se\/wp-content\/uploads\/2013\/06\/Traknekt_tunnel-400x160.jpg 400w, https:\/\/www.britek.se\/wp-content\/uploads\/2013\/06\/Traknekt_tunnel.jpg 560w\" sizes=\"(max-width: 1428px) 100vw, (max-width: 863px) 100vw, 560px\" \/><\/a><\/span><\/div><div class=\"fusion-title title fusion-title-4 fusion-sep-none fusion-title-center fusion-title-text fusion-title-size-four\" style=\"--awb-margin-top-small:10px;--awb-margin-right-small:0px;--awb-margin-bottom-small:10px;--awb-margin-left-small:0px;--awb-font-size:20px;\"><h4 class=\"fusion-title-heading title-heading-center fusion-responsive-typography-calculated\" style=\"margin:0;font-size:1em;--fontSize:20;line-height:1.36;\">Treknekt\/takstolforskaling tunnel<\/h4><\/div><div class=\"fusion-text fusion-text-4\"><p style=\"text-align: center;\">Knektene plasseres p\u00e5 CUPLOK som i sin tur kan v\u00e6re flyttbare for etappest\u00f8ping. <\/p>\n<\/div><\/div><\/div><div class=\"fusion-layout-column fusion_builder_column fusion-builder-column-7 fusion_builder_column_1_4 1_4 fusion-flex-column\" style=\"--awb-bg-size:cover;--awb-width-large:25%;--awb-margin-top-large:0px;--awb-spacing-right-large:7.68%;--awb-margin-bottom-large:20px;--awb-spacing-left-large:7.68%;--awb-width-medium:100%;--awb-order-medium:0;--awb-spacing-right-medium:1.92%;--awb-spacing-left-medium:1.92%;--awb-width-small:100%;--awb-order-small:0;--awb-spacing-right-small:1.92%;--awb-spacing-left-small:1.92%;\"><div class=\"fusion-column-wrapper fusion-column-has-shadow fusion-flex-justify-content-flex-start fusion-content-layout-column\"><div class=\"fusion-widget fusion-widget-element fusion-widget-area fusion-content-widget-area wpWidget-1 wp_widget_recent_posts\" style=\"--awb-fusion-border-size:0px;--awb-fusion-border-style:solid;\"><\/div><\/div><\/div><\/div><\/div><div class=\"fusion-fullwidth fullwidth-box fusion-builder-row-6 fusion-flex-container nonhundred-percent-fullwidth non-hundred-percent-height-scrolling\" style=\"--awb-border-radius-top-left:0px;--awb-border-radius-top-right:0px;--awb-border-radius-bottom-right:0px;--awb-border-radius-bottom-left:0px;--awb-flex-wrap:wrap;\" ><div class=\"fusion-builder-row fusion-row fusion-flex-align-items-flex-start fusion-flex-content-wrap\" style=\"max-width:1456px;margin-left: calc(-4% \/ 2 );margin-right: calc(-4% \/ 2 );\"><div class=\"fusion-layout-column fusion_builder_column fusion-builder-column-8 fusion_builder_column_1_1 1_1 fusion-flex-column fusion-animated\" style=\"--awb-padding-top:30px;--awb-padding-right:30px;--awb-padding-bottom:30px;--awb-padding-left:30px;--awb-overflow:hidden;--awb-bg-color:#000000;--awb-bg-color-hover:#000000;--awb-bg-image:url(&#039;https:\/\/www.britek.se\/wp-content\/uploads\/2020\/03\/24-hour-callout-background.jpg&#039;);--awb-bg-position:left center;--awb-bg-blend:luminosity;--awb-bg-size:cover;--awb-border-radius:8px 8px 8px 8px;--awb-width-large:100%;--awb-margin-top-large:0px;--awb-spacing-right-large:1.92%;--awb-margin-bottom-large:20px;--awb-spacing-left-large:1.92%;--awb-width-medium:100%;--awb-spacing-right-medium:1.92%;--awb-spacing-left-medium:1.92%;--awb-width-small:100%;--awb-spacing-right-small:1.92%;--awb-spacing-left-small:1.92%;\" data-animationType=\"fadeInLeft\" data-animationDuration=\"1.0\" data-animationOffset=\"top-into-view\"><div class=\"fusion-column-wrapper fusion-column-has-shadow fusion-flex-justify-content-center fusion-content-layout-column fusion-column-has-bg-image\" data-bg-url=\"https:\/\/www.britek.se\/wp-content\/uploads\/2020\/03\/24-hour-callout-background.jpg\"><i class=\"fb-icon-element-1 fb-icon-element fontawesome-icon fa-phone-alt fas circle-no\" style=\"--awb-iconcolor-hover:#b30033;--awb-font-size:30px;--awb-margin-top:0;--awb-margin-right:0;--awb-margin-bottom:0;--awb-margin-left:0;--awb-align-self:center;\"><\/i><div class=\"fusion-title title fusion-title-5 fusion-sep-none fusion-title-center fusion-title-text fusion-title-size-div\" style=\"--awb-text-color:#ffffff;--awb-margin-top-small:10px;--awb-margin-right-small:0px;--awb-margin-bottom-small:15px;--awb-margin-left-small:0px;--awb-font-size:25px;\"><div class=\"fusion-title-heading title-heading-center title-heading-tag fusion-responsive-typography-calculated\" style=\"font-family:&quot;Poppins&quot;;font-style:normal;font-weight:700;margin:0;font-size:1em;--fontSize:25;line-height:1.8;\">For sp\u00f8rsm\u00e5l<\/div><\/div><div style=\"text-align:center;\"><a class=\"fusion-button button-flat fusion-button-default-size button-custom fusion-button-default button-1 fusion-button-default-span fusion-button-default-type\" style=\"--button_accent_color:#ffffff;--button_accent_hover_color:#ffffff;--button_border_hover_color:#ffffff;--button_gradient_top_color:#b30033;--button_gradient_bottom_color:#b30033;--button_gradient_top_color_hover:#b24361;--button_gradient_bottom_color_hover:#b24361;width:calc(100%);\" target=\"_self\" title=\"Explore All Of Our Services\" aria-label=\"Explore All Of Our Services\" href=\"https:\/\/www.britek.se\/no\/kontakt\/\"><span class=\"fusion-button-text awb-button__text awb-button__text--default\">Kontakt oss her!<\/span><\/a><\/div><\/div><\/div><\/div><\/div>\n<\/p>\n","protected":false},"excerpt":{"rendered":"","protected":false},"author":1,"featured_media":0,"parent":14626,"menu_order":0,"comment_status":"closed","ping_status":"closed","template":"100-width.php","meta":{"footnotes":""},"class_list":["post-14630","page","type-page","status-publish","hentry"],"_links":{"self":[{"href":"https:\/\/www.britek.se\/no\/wp-json\/wp\/v2\/pages\/14630","targetHints":{"allow":["GET"]}}],"collection":[{"href":"https:\/\/www.britek.se\/no\/wp-json\/wp\/v2\/pages"}],"about":[{"href":"https:\/\/www.britek.se\/no\/wp-json\/wp\/v2\/types\/page"}],"author":[{"embeddable":true,"href":"https:\/\/www.britek.se\/no\/wp-json\/wp\/v2\/users\/1"}],"replies":[{"embeddable":true,"href":"https:\/\/www.britek.se\/no\/wp-json\/wp\/v2\/comments?post=14630"}],"version-history":[{"count":6,"href":"https:\/\/www.britek.se\/no\/wp-json\/wp\/v2\/pages\/14630\/revisions"}],"predecessor-version":[{"id":15134,"href":"https:\/\/www.britek.se\/no\/wp-json\/wp\/v2\/pages\/14630\/revisions\/15134"}],"up":[{"embeddable":true,"href":"https:\/\/www.britek.se\/no\/wp-json\/wp\/v2\/pages\/14626"}],"wp:attachment":[{"href":"https:\/\/www.britek.se\/no\/wp-json\/wp\/v2\/media?parent=14630"}],"curies":[{"name":"wp","href":"https:\/\/api.w.org\/{rel}","templated":true}]}}