{"id":14704,"date":"2022-02-08T13:39:43","date_gmt":"2022-02-08T12:39:43","guid":{"rendered":"https:\/\/www.britek.se\/forskalingstilbehor\/forskalingsstag\/"},"modified":"2022-04-14T15:09:47","modified_gmt":"2022-04-14T14:09:47","slug":"forskalingsstag","status":"publish","type":"page","link":"https:\/\/www.britek.se\/no\/produkter\/forskalingstilbehor\/forskalingsstag\/","title":{"rendered":"Forskalingsstag"},"content":{"rendered":"<p><div class=\"fusion-fullwidth fullwidth-box fusion-builder-row-1 fusion-flex-container nonhundred-percent-fullwidth non-hundred-percent-height-scrolling\" style=\"--awb-border-color:#b30033;--awb-border-radius-top-left:0px;--awb-border-radius-top-right:0px;--awb-border-radius-bottom-right:0px;--awb-border-radius-bottom-left:0px;--awb-flex-wrap:wrap;\" ><div class=\"fusion-builder-row fusion-row fusion-flex-align-items-flex-start fusion-flex-content-wrap\" style=\"max-width:1456px;margin-left: calc(-4% \/ 2 );margin-right: calc(-4% \/ 2 );\"><div class=\"fusion-layout-column fusion_builder_column fusion-builder-column-0 fusion_builder_column_2_5 2_5 fusion-flex-column\" style=\"--awb-bg-size:cover;--awb-width-large:40%;--awb-margin-top-large:0px;--awb-spacing-right-large:4.8%;--awb-margin-bottom-large:0px;--awb-spacing-left-large:4.8%;--awb-width-medium:100%;--awb-order-medium:0;--awb-spacing-right-medium:1.92%;--awb-spacing-left-medium:1.92%;--awb-width-small:100%;--awb-order-small:0;--awb-spacing-right-small:1.92%;--awb-spacing-left-small:1.92%;\"><div class=\"fusion-column-wrapper fusion-column-has-shadow fusion-flex-justify-content-flex-start fusion-content-layout-row\"><div class=\"fusion-title title fusion-title-1 fusion-sep-none fusion-title-text fusion-title-size-div\" style=\"--awb-margin-top-small:10px;--awb-margin-right-small:0px;--awb-margin-bottom-small:10px;--awb-margin-left-small:0px;\"><div class=\"fusion-title-heading title-heading-left title-heading-tag fusion-responsive-typography-calculated\" style=\"margin:0;--fontSize:16;line-height:1.8;\"><h3><strong>Forskalingsstag<\/strong><\/h3><\/div><\/div><\/div><\/div><div class=\"fusion-layout-column fusion_builder_column fusion-builder-column-1 fusion_builder_column_3_5 3_5 fusion-flex-column\" style=\"--awb-bg-size:cover;--awb-width-large:60%;--awb-margin-top-large:10px;--awb-spacing-right-large:3.2%;--awb-margin-bottom-large:0px;--awb-spacing-left-large:3.2%;--awb-width-medium:100%;--awb-order-medium:0;--awb-spacing-right-medium:1.92%;--awb-spacing-left-medium:1.92%;--awb-width-small:100%;--awb-order-small:0;--awb-spacing-right-small:1.92%;--awb-spacing-left-small:1.92%;\"><div class=\"fusion-column-wrapper fusion-column-has-shadow fusion-flex-justify-content-flex-end fusion-content-layout-row\"><nav class=\"fusion-breadcrumbs fusion-breadcrumbs-1\" style=\"--awb-breadcrumb-sep:&#039;\/&#039;;\" aria-label=\"Breadcrumb\"><ol class=\"awb-breadcrumb-list\"><li class=\"fusion-breadcrumb-item awb-breadcrumb-sep awb-home\" ><a href=\"https:\/\/www.britek.se\/no\/\" class=\"fusion-breadcrumb-link\"><span >Home<\/span><\/a><\/li><\/ol><\/nav><\/div><\/div><\/div><\/div><div class=\"fusion-fullwidth fullwidth-box fusion-builder-row-2 fusion-flex-container nonhundred-percent-fullwidth non-hundred-percent-height-scrolling\" style=\"--awb-border-radius-top-left:0px;--awb-border-radius-top-right:0px;--awb-border-radius-bottom-right:0px;--awb-border-radius-bottom-left:0px;--awb-flex-wrap:wrap;\" ><div class=\"fusion-builder-row fusion-row fusion-flex-align-items-flex-start fusion-flex-content-wrap\" style=\"max-width:1456px;margin-left: calc(-4% \/ 2 );margin-right: calc(-4% \/ 2 );\"><div class=\"fusion-layout-column fusion_builder_column fusion-builder-column-2 fusion_builder_column_1_1 1_1 fusion-flex-column\" style=\"--awb-bg-size:cover;--awb-width-large:100%;--awb-margin-top-large:0px;--awb-spacing-right-large:1.92%;--awb-margin-bottom-large:20px;--awb-spacing-left-large:1.92%;--awb-width-medium:100%;--awb-order-medium:0;--awb-spacing-right-medium:1.92%;--awb-spacing-left-medium:1.92%;--awb-width-small:100%;--awb-order-small:0;--awb-spacing-right-small:1.92%;--awb-spacing-left-small:1.92%;\"><div class=\"fusion-column-wrapper fusion-column-has-shadow fusion-flex-justify-content-flex-start fusion-content-layout-column\"><div class=\"fusion-separator fusion-full-width-sep\" style=\"align-self: center;margin-left: auto;margin-right: auto;width:100%;\"><div class=\"fusion-separator-border sep-single sep-solid\" style=\"--awb-height:20px;--awb-amount:20px;--awb-sep-color:#b30033;border-color:#b30033;border-top-width:1px;\"><\/div><\/div><\/div><\/div><\/div><\/div>\n<div class=\"fusion-fullwidth fullwidth-box fusion-builder-row-3 fusion-flex-container nonhundred-percent-fullwidth non-hundred-percent-height-scrolling\" style=\"--awb-border-radius-top-left:0px;--awb-border-radius-top-right:0px;--awb-border-radius-bottom-right:0px;--awb-border-radius-bottom-left:0px;--awb-flex-wrap:wrap;\" ><div class=\"fusion-builder-row fusion-row fusion-flex-align-items-flex-start fusion-flex-content-wrap\" style=\"max-width:1456px;margin-left: calc(-4% \/ 2 );margin-right: calc(-4% \/ 2 );\"><div class=\"fusion-layout-column fusion_builder_column fusion-builder-column-3 fusion_builder_column_3_4 3_4 fusion-flex-column fusion-flex-align-self-center\" style=\"--awb-bg-size:cover;--awb-width-large:75%;--awb-margin-top-large:0px;--awb-spacing-right-large:2.56%;--awb-margin-bottom-large:20px;--awb-spacing-left-large:2.56%;--awb-width-medium:100%;--awb-order-medium:0;--awb-spacing-right-medium:1.92%;--awb-spacing-left-medium:1.92%;--awb-width-small:100%;--awb-order-small:0;--awb-spacing-right-small:1.92%;--awb-spacing-left-small:1.92%;\"><div class=\"fusion-column-wrapper fusion-column-has-shadow fusion-flex-justify-content-flex-start fusion-content-layout-column\"><div class=\"fusion-text fusion-text-1\"><p><em>Forskalingsstag for l\u00f8svirkeform eller systemform.<\/em><\/p>\n<p>\u2013 Komposittstag og syrefaste stag eliminerer den uestetiske flikkingen av utsparingen som f\u00e5s ved bruk av st\u00e5lstag i betongkonstruksjoner.<br \/>\n\u2013 Komposittstag i glassfiber er testet av Vattenfall Utveckling AB samt ved Lunds tekniske h\u00f8yskole.<br \/>\n\u2013 De syrefaste stagene er testet ved Chalmers tekniske h\u00f8yskole.<br \/>\n\u2013 Samtlige typer stag kan bestilles etter m\u00e5l.<\/p>\n<p>Les mer om v\u00e5re glassfiberstag og legg inn bestillinger p\u00e5 v\u00e5r spesialside <a href=\"http:\/\/glasfiberstag.se\/\">glasfiberstag.se<\/a><\/p>\n<\/div><\/div><\/div><\/div><\/div><div class=\"fusion-fullwidth fullwidth-box fusion-builder-row-4 fusion-flex-container nonhundred-percent-fullwidth non-hundred-percent-height-scrolling\" style=\"--awb-border-radius-top-left:0px;--awb-border-radius-top-right:0px;--awb-border-radius-bottom-right:0px;--awb-border-radius-bottom-left:0px;--awb-flex-wrap:wrap;\" ><div class=\"fusion-builder-row fusion-row fusion-flex-align-items-flex-start fusion-flex-content-wrap\" style=\"max-width:1456px;margin-left: calc(-4% \/ 2 );margin-right: calc(-4% \/ 2 );\"><div class=\"fusion-layout-column fusion_builder_column fusion-builder-column-4 fusion_builder_column_1_3 1_3 fusion-flex-column\" style=\"--awb-bg-size:cover;--awb-width-large:33.333333333333%;--awb-margin-top-large:0px;--awb-spacing-right-large:5.76%;--awb-margin-bottom-large:20px;--awb-spacing-left-large:5.76%;--awb-width-medium:100%;--awb-order-medium:0;--awb-spacing-right-medium:1.92%;--awb-spacing-left-medium:1.92%;--awb-width-small:100%;--awb-order-small:0;--awb-spacing-right-small:1.92%;--awb-spacing-left-small:1.92%;\"><div class=\"fusion-column-wrapper fusion-column-has-shadow fusion-flex-justify-content-flex-start fusion-content-layout-column\"><div class=\"fusion-image-element \" style=\"text-align:center;--awb-caption-title-font-family:var(--h2_typography-font-family);--awb-caption-title-font-weight:var(--h2_typography-font-weight);--awb-caption-title-font-style:var(--h2_typography-font-style);--awb-caption-title-size:var(--h2_typography-font-size);--awb-caption-title-transform:var(--h2_typography-text-transform);--awb-caption-title-line-height:var(--h2_typography-line-height);--awb-caption-title-letter-spacing:var(--h2_typography-letter-spacing);\"><span class=\" fusion-imageframe imageframe-none imageframe-1 hover-type-none\" style=\"border:3px solid #f6f6f6;border-radius:5px;\"><a href=\"https:\/\/www.britek.se\/wp-content\/uploads\/2013\/06\/Syrafast_A4-70_metrisk_g\u00e4nga\u00d88_eller_\u00d810.jpg\" class=\"fusion-lightbox\" data-rel=\"iLightbox[78b81676c313bbca88d]\" data-title=\"Syrafast_A4-70_metrisk_g\u00e4nga\u00d88_eller_\u00d810\" title=\"Syrafast_A4-70_metrisk_g\u00e4nga\u00d88_eller_\u00d810-300&#215;224\"><img decoding=\"async\" width=\"300\" height=\"224\" src=\"https:\/\/www.britek.se\/wp-content\/uploads\/2021\/09\/Syrafast_A4-70_metrisk_gangaO8_eller_O10-300x224-1.jpg\" alt class=\"img-responsive wp-image-5739\" srcset=\"https:\/\/www.britek.se\/wp-content\/uploads\/2021\/09\/Syrafast_A4-70_metrisk_gangaO8_eller_O10-300x224-1-200x149.jpg 200w, https:\/\/www.britek.se\/wp-content\/uploads\/2021\/09\/Syrafast_A4-70_metrisk_gangaO8_eller_O10-300x224-1.jpg 300w\" sizes=\"(max-width: 1428px) 100vw, (max-width: 863px) 100vw, 300px\" \/><\/a><\/span><\/div><div class=\"fusion-title title fusion-title-2 fusion-sep-none fusion-title-center fusion-title-text fusion-title-size-four\" style=\"--awb-margin-top-small:10px;--awb-margin-right-small:0px;--awb-margin-bottom-small:10px;--awb-margin-left-small:0px;--awb-font-size:20px;\"><h4 class=\"fusion-title-heading title-heading-center fusion-responsive-typography-calculated\" style=\"margin:0;font-size:1em;--fontSize:20;line-height:1.36;\">Syrefast A4\/70 metrisk gjenge \u00d88 eller \u00d810<\/h4><\/div><div class=\"fusion-text fusion-text-2\" style=\"--awb-text-transform:none;\"><p style=\"text-align: center\">\u2013 Bruksomr\u00e5de f\u00f8rst og fremst ved forskalinger (form) av l\u00f8svirke (bord og planker).<br \/>\n\u2013 L\u00e5sing med GEKU. L\u00e5sen f\u00e5r bedre grep p\u00e5 gjenget stang enn slett.<br \/>\n\u2013 Kan f\u00e5s i lengdene 5,8 m, 1,9 m, 1,7 m, 1,5 m, 1,3 m, 1,1 m.<\/p>\n<\/div><\/div><\/div><div class=\"fusion-layout-column fusion_builder_column fusion-builder-column-5 fusion_builder_column_1_3 1_3 fusion-flex-column\" style=\"--awb-bg-size:cover;--awb-width-large:33.333333333333%;--awb-margin-top-large:0px;--awb-spacing-right-large:5.76%;--awb-margin-bottom-large:20px;--awb-spacing-left-large:5.76%;--awb-width-medium:100%;--awb-order-medium:0;--awb-spacing-right-medium:1.92%;--awb-spacing-left-medium:1.92%;--awb-width-small:100%;--awb-order-small:0;--awb-spacing-right-small:1.92%;--awb-spacing-left-small:1.92%;\"><div class=\"fusion-column-wrapper fusion-column-has-shadow fusion-flex-justify-content-flex-start fusion-content-layout-column\"><div class=\"fusion-image-element \" style=\"text-align:center;--awb-caption-title-font-family:var(--h2_typography-font-family);--awb-caption-title-font-weight:var(--h2_typography-font-weight);--awb-caption-title-font-style:var(--h2_typography-font-style);--awb-caption-title-size:var(--h2_typography-font-size);--awb-caption-title-transform:var(--h2_typography-text-transform);--awb-caption-title-line-height:var(--h2_typography-line-height);--awb-caption-title-letter-spacing:var(--h2_typography-letter-spacing);\"><span class=\" fusion-imageframe imageframe-none imageframe-2 hover-type-none\" style=\"border:3px solid #f6f6f6;border-radius:5px;\"><a href=\"https:\/\/www.britek.se\/wp-content\/uploads\/2013\/06\/Syrafast_A4-70_metrisk_g\u00e4nga\u00d88_med_vattensp\u00e4rr.jpg\" class=\"fusion-lightbox\" data-rel=\"iLightbox[b8743e60636bb70ec21]\" data-title=\"Syrafast_A4-70_metrisk_g\u00e4nga\u00d88_med_vattensp\u00e4rr\" title=\"Syrafast_A4-70_metrisk_g\u00e4nga\u00d88_med_vattensp\u00e4rr-300&#215;224\"><img decoding=\"async\" width=\"300\" height=\"224\" src=\"https:\/\/www.britek.se\/wp-content\/uploads\/2021\/09\/Syrafast_A4-70_metrisk_gangaO8_med_vattensparr-300x224-1.jpg\" alt class=\"img-responsive wp-image-5738\" srcset=\"https:\/\/www.britek.se\/wp-content\/uploads\/2021\/09\/Syrafast_A4-70_metrisk_gangaO8_med_vattensparr-300x224-1-200x149.jpg 200w, https:\/\/www.britek.se\/wp-content\/uploads\/2021\/09\/Syrafast_A4-70_metrisk_gangaO8_med_vattensparr-300x224-1.jpg 300w\" sizes=\"(max-width: 1428px) 100vw, (max-width: 863px) 100vw, 300px\" \/><\/a><\/span><\/div><div class=\"fusion-title title fusion-title-3 fusion-sep-none fusion-title-center fusion-title-text fusion-title-size-four\" style=\"--awb-margin-top-small:10px;--awb-margin-right-small:0px;--awb-margin-bottom-small:10px;--awb-margin-left-small:0px;--awb-font-size:20px;\"><h4 class=\"fusion-title-heading title-heading-center fusion-responsive-typography-calculated\" style=\"margin:0;font-size:1em;--fontSize:20;line-height:1.36;\">Syrefast A4\/70 metrisk gjenge \u00d88 med vannsperre<\/h4><\/div><div class=\"fusion-text fusion-text-3\"><p style=\"text-align: center\">\u2013 Bruksomr\u00e5de for vannverk, vanndemninger, bassenger og \u00f8vrige konstruksjoner med vanntrykk p\u00e5 en side.<br \/>\n\u2013 Stag og vannsperre er testet med 80 meter vanns\u00f8yle av Vattenfall.<br \/>\n\u2013 Kan f\u00e5s i lengdene 5,8 m, 1,9 m, 1,7 m, 1,5 m, 1,3 m, 1,1 m.<\/p>\n<\/div><\/div><\/div><div class=\"fusion-layout-column fusion_builder_column fusion-builder-column-6 fusion_builder_column_1_3 1_3 fusion-flex-column\" style=\"--awb-bg-size:cover;--awb-width-large:33.333333333333%;--awb-margin-top-large:0px;--awb-spacing-right-large:5.76%;--awb-margin-bottom-large:20px;--awb-spacing-left-large:5.76%;--awb-width-medium:100%;--awb-order-medium:0;--awb-spacing-right-medium:1.92%;--awb-spacing-left-medium:1.92%;--awb-width-small:100%;--awb-order-small:0;--awb-spacing-right-small:1.92%;--awb-spacing-left-small:1.92%;\"><div class=\"fusion-column-wrapper fusion-column-has-shadow fusion-flex-justify-content-flex-start fusion-content-layout-column\"><div class=\"fusion-image-element \" style=\"text-align:center;--awb-caption-title-font-family:var(--h2_typography-font-family);--awb-caption-title-font-weight:var(--h2_typography-font-weight);--awb-caption-title-font-style:var(--h2_typography-font-style);--awb-caption-title-size:var(--h2_typography-font-size);--awb-caption-title-transform:var(--h2_typography-text-transform);--awb-caption-title-line-height:var(--h2_typography-line-height);--awb-caption-title-letter-spacing:var(--h2_typography-letter-spacing);\"><span class=\" fusion-imageframe imageframe-none imageframe-3 hover-type-none\" style=\"border:3px solid #f6f6f6;border-radius:5px;\"><a href=\"https:\/\/www.britek.se\/wp-content\/uploads\/2014\/01\/Glasfiberstag.jpg\" class=\"fusion-lightbox\" data-rel=\"iLightbox[289c0ffa4198db2373f]\" data-title=\"Glasfiberstag\" title=\"Glasfiberstag-300&#215;224\"><img decoding=\"async\" width=\"300\" height=\"224\" src=\"https:\/\/www.britek.se\/wp-content\/uploads\/2021\/09\/Glasfiberstag-300x224-1.jpg\" alt class=\"img-responsive wp-image-5740\" srcset=\"https:\/\/www.britek.se\/wp-content\/uploads\/2021\/09\/Glasfiberstag-300x224-1-200x149.jpg 200w, https:\/\/www.britek.se\/wp-content\/uploads\/2021\/09\/Glasfiberstag-300x224-1.jpg 300w\" sizes=\"(max-width: 1428px) 100vw, (max-width: 863px) 100vw, 300px\" \/><\/a><\/span><\/div><div class=\"fusion-title title fusion-title-4 fusion-sep-none fusion-title-center fusion-title-text fusion-title-size-four\" style=\"--awb-margin-top-small:10px;--awb-margin-right-small:0px;--awb-margin-bottom-small:10px;--awb-margin-left-small:0px;--awb-font-size:20px;\"><h4 class=\"fusion-title-heading title-heading-center fusion-responsive-typography-calculated\" style=\"margin:0;font-size:1em;--fontSize:20;line-height:1.36;\">Fiberkompositt\/glassfiber GWS \u00d815<\/h4><\/div><div class=\"fusion-text fusion-text-4\"><p style=\"text-align: center\">\u2013 Bruksomr\u00e5de f\u00f8rst og fremst ved forskalinger (form) av l\u00f8svirke (bord og planker).<br \/>\n\u2013 L\u00e5sing med standard GWS-komponenter.<br \/>\n\u2013 Tillatt belastning 30 kN.<\/p>\n<\/div><\/div><\/div><div class=\"fusion-layout-column fusion_builder_column fusion-builder-column-7 fusion_builder_column_1_3 1_3 fusion-flex-column\" style=\"--awb-bg-size:cover;--awb-width-large:33.333333333333%;--awb-margin-top-large:0px;--awb-spacing-right-large:5.76%;--awb-margin-bottom-large:20px;--awb-spacing-left-large:5.76%;--awb-width-medium:100%;--awb-order-medium:0;--awb-spacing-right-medium:1.92%;--awb-spacing-left-medium:1.92%;--awb-width-small:100%;--awb-order-small:0;--awb-spacing-right-small:1.92%;--awb-spacing-left-small:1.92%;\"><div class=\"fusion-column-wrapper fusion-column-has-shadow fusion-flex-justify-content-flex-start fusion-content-layout-column\"><div class=\"fusion-image-element \" style=\"text-align:center;--awb-caption-title-font-family:var(--h2_typography-font-family);--awb-caption-title-font-weight:var(--h2_typography-font-weight);--awb-caption-title-font-style:var(--h2_typography-font-style);--awb-caption-title-size:var(--h2_typography-font-size);--awb-caption-title-transform:var(--h2_typography-text-transform);--awb-caption-title-line-height:var(--h2_typography-line-height);--awb-caption-title-letter-spacing:var(--h2_typography-letter-spacing);\"><span class=\" fusion-imageframe imageframe-none imageframe-4 hover-type-none\" style=\"border:3px solid #f6f6f6;border-radius:5px;\"><a href=\"https:\/\/www.britek.se\/wp-content\/uploads\/2013\/06\/Fiberkomposit_glasfiber_GWS\u00d820.jpg\" class=\"fusion-lightbox\" data-rel=\"iLightbox[7b18bde482347379f7f]\" data-title=\"Fiberkomposit_glasfiber_GWS\u00d820\" title=\"Fiberkomposit_glasfiber_GWS\u00d820-300&#215;218\"><img decoding=\"async\" width=\"300\" height=\"218\" src=\"https:\/\/www.britek.se\/wp-content\/uploads\/2021\/09\/Fiberkomposit_glasfiber_GWSO20-300x218-1.jpg\" alt class=\"img-responsive wp-image-5683\" srcset=\"https:\/\/www.britek.se\/wp-content\/uploads\/2021\/09\/Fiberkomposit_glasfiber_GWSO20-300x218-1-200x145.jpg 200w, https:\/\/www.britek.se\/wp-content\/uploads\/2021\/09\/Fiberkomposit_glasfiber_GWSO20-300x218-1.jpg 300w\" sizes=\"(max-width: 1428px) 100vw, (max-width: 863px) 100vw, 300px\" \/><\/a><\/span><\/div><div class=\"fusion-title title fusion-title-5 fusion-sep-none fusion-title-center fusion-title-text fusion-title-size-four\" style=\"--awb-margin-top-small:10px;--awb-margin-right-small:0px;--awb-margin-bottom-small:10px;--awb-margin-left-small:0px;--awb-font-size:20px;\"><h4 class=\"fusion-title-heading title-heading-center fusion-responsive-typography-calculated\" style=\"margin:0;font-size:1em;--fontSize:20;line-height:1.36;\">Fiberkompositt\/glassfiber GWS \u00d815<\/h4><\/div><div class=\"fusion-text fusion-text-5\"><p style=\"text-align: center\">Mer info finner du p\u00e5 v\u00e5r side om <a href=\"http:\/\/glasfiberstag.se\/\">glassfiberstag<\/a><\/p>\n<\/div><\/div><\/div><div class=\"fusion-layout-column fusion_builder_column fusion-builder-column-8 fusion_builder_column_1_3 1_3 fusion-flex-column\" style=\"--awb-bg-size:cover;--awb-width-large:33.333333333333%;--awb-margin-top-large:0px;--awb-spacing-right-large:5.76%;--awb-margin-bottom-large:20px;--awb-spacing-left-large:5.76%;--awb-width-medium:100%;--awb-order-medium:0;--awb-spacing-right-medium:1.92%;--awb-spacing-left-medium:1.92%;--awb-width-small:100%;--awb-order-small:0;--awb-spacing-right-small:1.92%;--awb-spacing-left-small:1.92%;\"><div class=\"fusion-column-wrapper fusion-column-has-shadow fusion-flex-justify-content-flex-start fusion-content-layout-column\"><div class=\"fusion-image-element \" style=\"text-align:center;--awb-caption-title-font-family:var(--h2_typography-font-family);--awb-caption-title-font-weight:var(--h2_typography-font-weight);--awb-caption-title-font-style:var(--h2_typography-font-style);--awb-caption-title-size:var(--h2_typography-font-size);--awb-caption-title-transform:var(--h2_typography-text-transform);--awb-caption-title-line-height:var(--h2_typography-line-height);--awb-caption-title-letter-spacing:var(--h2_typography-letter-spacing);\"><span class=\" fusion-imageframe imageframe-none imageframe-5 hover-type-none\" style=\"border:3px solid #f6f6f6;border-radius:5px;\"><a href=\"https:\/\/www.britek.se\/wp-content\/uploads\/2013\/06\/GWS-stag_st\u00e5lstag\u00d815_\u00d820_\u00d826.jpg\" class=\"fusion-lightbox\" data-rel=\"iLightbox[7e0c5e0195c822b1cfd]\" data-title=\"GWS-stag_st\u00e5lstag\u00d815_\u00d820_\u00d826\" title=\"GWS-stag_st\u00e5lstag\u00d815_\u00d820_\u00d826-300&#215;224\"><img decoding=\"async\" width=\"300\" height=\"224\" src=\"https:\/\/www.britek.se\/wp-content\/uploads\/2021\/09\/GWS-stag_stalstagO15_O20_O26-300x224-1.jpg\" alt class=\"img-responsive wp-image-5742\" srcset=\"https:\/\/www.britek.se\/wp-content\/uploads\/2021\/09\/GWS-stag_stalstagO15_O20_O26-300x224-1-200x149.jpg 200w, https:\/\/www.britek.se\/wp-content\/uploads\/2021\/09\/GWS-stag_stalstagO15_O20_O26-300x224-1.jpg 300w\" sizes=\"(max-width: 1428px) 100vw, (max-width: 863px) 100vw, 300px\" \/><\/a><\/span><\/div><div class=\"fusion-title title fusion-title-6 fusion-sep-none fusion-title-center fusion-title-text fusion-title-size-four\" style=\"--awb-margin-top-small:10px;--awb-margin-right-small:0px;--awb-margin-bottom-small:10px;--awb-margin-left-small:0px;--awb-font-size:20px;\"><h4 class=\"fusion-title-heading title-heading-center fusion-responsive-typography-calculated\" style=\"margin:0;font-size:1em;--fontSize:20;line-height:1.36;\">GWS-stag st\u00e5lstag \u00d815, \u00d820 eller \u00d826<\/h4><\/div><div class=\"fusion-text fusion-text-6\"><p style=\"text-align: center\">\u2013 Anvendes b\u00e5de til permanent og tempor\u00e6rt bruk.<br \/>\n\u2013 Bruksomr\u00e5de for formelementer (forskalingskassetter) eller opphengningsanordninger.<br \/>\n\u2013 L\u00e5sing med standard GWS-komponenter.<br \/>\n\u2013 Tillat belastning 90 kN (\u00d815), 160 kN (\u00d820) eller 250 kN (\u00d826).<br \/>\n\u2013 Dimensjonen \u00d815 kan f\u00e5s i syrefast, rustfritt EN 1.4404.<\/p>\n<\/div><\/div><\/div><div class=\"fusion-layout-column fusion_builder_column fusion-builder-column-9 fusion_builder_column_1_3 1_3 fusion-flex-column\" style=\"--awb-bg-size:cover;--awb-width-large:33.333333333333%;--awb-margin-top-large:0px;--awb-spacing-right-large:5.76%;--awb-margin-bottom-large:20px;--awb-spacing-left-large:5.76%;--awb-width-medium:100%;--awb-order-medium:0;--awb-spacing-right-medium:1.92%;--awb-spacing-left-medium:1.92%;--awb-width-small:100%;--awb-order-small:0;--awb-spacing-right-small:1.92%;--awb-spacing-left-small:1.92%;\"><div class=\"fusion-column-wrapper fusion-column-has-shadow fusion-flex-justify-content-flex-start fusion-content-layout-column\"><div class=\"fusion-widget fusion-widget-element fusion-widget-area fusion-content-widget-area wpWidget-1 fusion-widget-align-left wp_widget_recent_posts\" style=\"--awb-fusion-border-size:0px;--awb-fusion-border-style:solid;\"><\/div><\/div><\/div><\/div><\/div><div class=\"fusion-fullwidth fullwidth-box fusion-builder-row-5 fusion-flex-container nonhundred-percent-fullwidth non-hundred-percent-height-scrolling\" style=\"--awb-border-radius-top-left:0px;--awb-border-radius-top-right:0px;--awb-border-radius-bottom-right:0px;--awb-border-radius-bottom-left:0px;--awb-flex-wrap:wrap;\" ><div class=\"fusion-builder-row fusion-row fusion-flex-align-items-flex-start fusion-flex-content-wrap\" style=\"max-width:1456px;margin-left: calc(-4% \/ 2 );margin-right: calc(-4% \/ 2 );\"><div class=\"fusion-layout-column fusion_builder_column fusion-builder-column-10 fusion_builder_column_1_1 1_1 fusion-flex-column fusion-animated\" style=\"--awb-padding-top:30px;--awb-padding-right:30px;--awb-padding-bottom:30px;--awb-padding-left:30px;--awb-overflow:hidden;--awb-bg-color:#000000;--awb-bg-color-hover:#000000;--awb-bg-image:url(&#039;https:\/\/www.britek.se\/wp-content\/uploads\/2020\/03\/24-hour-callout-background.jpg&#039;);--awb-bg-position:left center;--awb-bg-blend:luminosity;--awb-bg-size:cover;--awb-border-radius:8px 8px 8px 8px;--awb-width-large:100%;--awb-margin-top-large:0px;--awb-spacing-right-large:1.92%;--awb-margin-bottom-large:20px;--awb-spacing-left-large:1.92%;--awb-width-medium:100%;--awb-spacing-right-medium:1.92%;--awb-spacing-left-medium:1.92%;--awb-width-small:100%;--awb-spacing-right-small:1.92%;--awb-spacing-left-small:1.92%;\" data-animationType=\"fadeInLeft\" data-animationDuration=\"1.0\" data-animationOffset=\"top-into-view\"><div class=\"fusion-column-wrapper fusion-column-has-shadow fusion-flex-justify-content-center fusion-content-layout-column fusion-column-has-bg-image\" data-bg-url=\"https:\/\/www.britek.se\/wp-content\/uploads\/2020\/03\/24-hour-callout-background.jpg\"><i class=\"fb-icon-element-1 fb-icon-element fontawesome-icon fa-phone-alt fas circle-no\" style=\"--awb-iconcolor-hover:#b30033;--awb-font-size:30px;--awb-margin-top:0;--awb-margin-right:0;--awb-margin-bottom:0;--awb-margin-left:0;--awb-align-self:center;\"><\/i><div class=\"fusion-title title fusion-title-7 fusion-sep-none fusion-title-center fusion-title-text fusion-title-size-div\" style=\"--awb-text-color:#ffffff;--awb-margin-top-small:10px;--awb-margin-right-small:0px;--awb-margin-bottom-small:15px;--awb-margin-left-small:0px;--awb-font-size:25px;\"><div class=\"fusion-title-heading title-heading-center title-heading-tag fusion-responsive-typography-calculated\" style=\"font-family:&quot;Poppins&quot;;font-style:normal;font-weight:700;margin:0;font-size:1em;--fontSize:25;line-height:1.8;\">For sp\u00f8rsm\u00e5l<\/div><\/div><div style=\"text-align:center;\"><a class=\"fusion-button button-flat fusion-button-default-size button-custom fusion-button-default button-1 fusion-button-default-span fusion-button-default-type\" style=\"--button_accent_color:#ffffff;--button_accent_hover_color:#ffffff;--button_border_hover_color:#ffffff;--button_gradient_top_color:#b30033;--button_gradient_bottom_color:#b30033;--button_gradient_top_color_hover:#b24361;--button_gradient_bottom_color_hover:#b24361;width:calc(100%);\" target=\"_self\" title=\"Explore All Of Our Services\" aria-label=\"Explore All Of Our Services\" href=\"https:\/\/www.britek.se\/no\/kontakt\/\"><span class=\"fusion-button-text awb-button__text awb-button__text--default\">Kontakt oss her!<\/span><\/a><\/div><\/div><\/div><\/div><\/div>\n<\/p>\n","protected":false},"excerpt":{"rendered":"","protected":false},"author":1,"featured_media":0,"parent":14676,"menu_order":0,"comment_status":"closed","ping_status":"closed","template":"100-width.php","meta":{"footnotes":""},"class_list":["post-14704","page","type-page","status-publish","hentry"],"_links":{"self":[{"href":"https:\/\/www.britek.se\/no\/wp-json\/wp\/v2\/pages\/14704","targetHints":{"allow":["GET"]}}],"collection":[{"href":"https:\/\/www.britek.se\/no\/wp-json\/wp\/v2\/pages"}],"about":[{"href":"https:\/\/www.britek.se\/no\/wp-json\/wp\/v2\/types\/page"}],"author":[{"embeddable":true,"href":"https:\/\/www.britek.se\/no\/wp-json\/wp\/v2\/users\/1"}],"replies":[{"embeddable":true,"href":"https:\/\/www.britek.se\/no\/wp-json\/wp\/v2\/comments?post=14704"}],"version-history":[{"count":9,"href":"https:\/\/www.britek.se\/no\/wp-json\/wp\/v2\/pages\/14704\/revisions"}],"predecessor-version":[{"id":15635,"href":"https:\/\/www.britek.se\/no\/wp-json\/wp\/v2\/pages\/14704\/revisions\/15635"}],"up":[{"embeddable":true,"href":"https:\/\/www.britek.se\/no\/wp-json\/wp\/v2\/pages\/14676"}],"wp:attachment":[{"href":"https:\/\/www.britek.se\/no\/wp-json\/wp\/v2\/media?parent=14704"}],"curies":[{"name":"wp","href":"https:\/\/api.w.org\/{rel}","templated":true}]}}